{"id":95,"date":"2023-05-24T17:24:43","date_gmt":"2023-05-24T08:24:43","guid":{"rendered":"https:\/\/sample7.getabakoclub.com\/?page_id=95"},"modified":"2026-04-04T11:17:32","modified_gmt":"2026-04-04T02:17:32","slug":"station","status":"publish","type":"page","link":"https:\/\/kadowakishouten.com\/?page_id=95","title":{"rendered":"\u68ee\u306e\u99c5"},"content":{"rendered":"\n<p style=\"font-size:1.2em\">\u5e73\u621016\u5e74\u306b\u3001(\u682a)\u9580\u8107\u6728\u6750\u304c\u6c11\u9593\u306e\u300c\u9053\u306e\u99c5\u300d\u3001\u5730\u7523\u5730\u6d88\u30b3\u30fc\u30ca\u30fc\u3068\u3057\u3066\u300c\u68ee\u306e\u99c5\u300d\u3092\u30aa\u30fc\u30d7\u30f3\u3057\u3001\u4ee4\u548c5\u5e744\u6708\u306b\u3001\u5f53\u793e\u304c\u4e8b\u696d\u3092\u5f15\u304d\u7d99\u304e\u307e\u3057\u305f\u3002\u4ed9\u5317\u5e02\u306b\u306f\u3001\u9053\u306e\u99c5\u304c\u3042\u308a\u307e\u305b\u3093\u3002\u68ee\u306e\u99c5\u306f\u3001\u56fd\u905346\u53f7\u7dda\u6cbf\u3044\u306b\u3042\u308a\u3001\u68ee\u6797\u3092\u80cc\u666f\u306b\u306e\u3093\u3073\u308a\u8d70\u308b\u65b0\u5e79\u7dda\u3092\u773a\u3081\u308b\u3053\u3068\u3082\u3067\u304d\u307e\u3059\u3002\u305c\u3072\u304a\u7acb\u3061\u5bc4\u308a\u304f\u3060\u3055\u3044\u3002<\/p>\n\n\n\n<div style=\"height:150px\" aria-hidden=\"true\" id=\"shop\" class=\"wp-block-spacer\"><\/div>\n\n\n\n<h2 class=\"wp-block-heading\" style=\"font-size:1.5em\"><strong>THE CORNER<\/strong>\uff08\u65e7 \u8ca9\u58f2\u6240\u3001\u76f4\u58f2 \u68ee\u306e\u99c5\uff09\u203b2026\u5e744\u670825\u65e5\u30d7\u30ec\u30aa\u30fc\u30d7\u30f3\u306b\u5411\u3051\u3066\u6539\u88c5\u4e2d<\/h2>\n\n\n\n<p style=\"font-size:1.2em\">\u3000\u68ee\u306e\u99c5\u306f\u3001\u958b\u696d\u304b\u308923\u5e74\u76ee\u3092\u8fce\u3048\u307e\u3057\u305f\u3002\u3053\u308c\u307e\u3067\u9577\u5e74\u306b\u308f\u305f\u308a\u30c6\u30ca\u30f3\u30c8\u4e8b\u696d\u8005\u306e\u7686\u3055\u307e\u306b\u904b\u55b6\u3092\u304a\u4efb\u305b\u3057\u3001\u5730\u57df\u306e\u9b45\u529b\u767a\u4fe1\u306b\u5927\u304d\u304f\u8ca2\u732e\u3057\u3066\u3044\u305f\u3060\u3044\u3066\u304d\u307e\u3057\u305f\u3002\u30c6\u30ca\u30f3\u30c8\u306e\u7686\u3055\u307e\u306e\u3054\u5c3d\u529b\u306b\u3001\u307e\u305a\u5fc3\u304b\u3089\u611f\u8b1d\u3092\u7533\u3057\u4e0a\u3052\u307e\u3059\u3002<\/p>\n\n\n\n<p style=\"font-size:1.2em\">\u3000\u4e00\u65b9\u3067\u3001\u6628\u4eca\u306f\u96fb\u6c17\u4ee3\u3092\u306f\u3058\u3081\u3068\u3059\u308b\u7d4c\u8cbb\u3084\u4ed5\u5165\u4fa1\u683c\u306e\u9ad8\u9a30\u306a\u3069\u3001\u5c0f\u58f2\u696d\u3092\u53d6\u308a\u5dfb\u304f\u74b0\u5883\u304c\u5927\u304d\u304f\u5909\u5316\u3057\u307e\u3057\u305f\u3002\u307e\u305f\u3001\u51ac\u671f\u9593\u306f\u91ce\u83dc\u7b49\u306e\u5165\u8377\u3082\u4eba\u306e\u51fa\u3082\u6fc0\u6e1b\u3057\u3001\u63a1\u7b97\u9762\u3067\u3068\u3066\u3082\u53b3\u3057\u3044\u72b6\u6cc1\u3067\u3059\u3002\u3053\u3046\u3057\u305f\u7d4c\u7def\u3092\u53d7\u3051\u3001\u5f53\u793e\u306f\u3001\u68ee\u306e\u99c5\u3092\u4eca\u5f8c\u3082\u5730\u57df\u306e\u62e0\u70b9\u3068\u3057\u3066\u751f\u304b\u3057\u7d9a\u3051\u308b\u305f\u3081\u306b\u3001\u6765\u6625\u3088\u308a\u81ea\u793e\u3067\u904b\u55b6\u3059\u308b\u3053\u3068\u306b\u3057\u307e\u3057\u305f\u3002<\/p>\n\n\n\n<p style=\"font-size:1.2em\">\u3000\u76f4\u55b6\u306b\u3059\u308b\u3053\u3068\u3067\u3001\u696d\u614b\u3092\u67d4\u8edf\u306b\u898b\u76f4\u3057\u306a\u304c\u3089\u3001\u6301\u7d9a\u53ef\u80fd\u306a\u5f62\u3067\u3053\u306e\u5834\u6240\u3092\u5b88\u3063\u3066\u3044\u304d\u305f\u3044\u3068\u8003\u3048\u3066\u3044\u307e\u3059\u3002\u3053\u308c\u306f\u3068\u3066\u3082\u30c1\u30e3\u30ec\u30f3\u30b8\u30f3\u30b0\u306a\u3053\u3068\u3067\u3001\u4eca\u307e\u3055\u306b\u3001\u68ee\u306e\u99c5\u304c\u3053\u3053\u306b\u3042\u308b\u610f\u5473\u3084\u30b3\u30f3\u30bb\u30d7\u30c8\u3001\u6301\u7d9a\u3059\u308b\u305f\u3081\u306e\u7a3c\u304e\u65b9\u306a\u3069\u3092\u719f\u8003\u3057\u3066\u3044\u308b\u3068\u3053\u308d\u3067\u3059\u3002\u3053\u308c\u304b\u3089\u3082\u3001\u5730\u57df\u306e\u7686\u3055\u307e\u3068\u3068\u3082\u306b\u3001\u3088\u308a\u3088\u3044\u5f62\u3078\u80b2\u3066\u3066\u3044\u3051\u308c\u3070\u5e78\u3044\u3067\u3059\u3002\u3088\u308d\u3057\u304f\u304a\u9858\u3044\u7533\u3057\u4e0a\u3052\u307e\u3059\u3002<br><br>\u3000\u65b0\u3057\u3044\u5e97\u8217\u306e\u540d\u79f0\u306f\u3001\u300cTHE CORNER\u300d\u3067\u3059\u3002\u305d\u306e\u610f\u5473\u3084\u4eca\u5f8c\u306e\u5c55\u958b\u306b\u3064\u3044\u3066\u306f\u3001\u8ffd\u3063\u3066\u3054\u5831\u544a\u3057\u307e\u3059\u3002<\/p>\n\n\n\n<div class=\"wp-block-columns is-layout-flex wp-container-core-columns-is-layout-9d6595d7 wp-block-columns-is-layout-flex\">\n<div class=\"wp-block-column is-layout-flow wp-block-column-is-layout-flow\">\n<figure class=\"wp-block-image size-large\"><img loading=\"lazy\" decoding=\"async\" width=\"768\" height=\"1024\" src=\"https:\/\/kadowakishouten.com\/wp-content\/uploads\/2026\/04\/20260220_233805009_iOS-768x1024.jpg\" alt=\"\" class=\"wp-image-1723\"\/><figcaption class=\"wp-element-caption\">\u85aa\u30b9\u30c8\u30fc\u30d6<\/figcaption><\/figure>\n<\/div>\n\n\n\n<div class=\"wp-block-column is-layout-flow wp-block-column-is-layout-flow\">\n<figure class=\"wp-block-image size-large\"><img loading=\"lazy\" decoding=\"async\" width=\"768\" height=\"1024\" src=\"https:\/\/kadowakishouten.com\/wp-content\/uploads\/2026\/04\/20260313_040233788_iOS-768x1024.jpg\" alt=\"\" class=\"wp-image-1724\"\/><figcaption class=\"wp-element-caption\">\u5c0f\u4e0a\u304c\u308a\u3000\u203b\u6388\u4e73\u3084\u304a\u7740\u63db\u3048\u304c\u3067\u304d\u308b\u30b3\u30fc\u30ca\u30fc\u304c\u3042\u308a\u307e\u3059<\/figcaption><\/figure>\n<\/div>\n<\/div>\n\n\n\n<figure class=\"wp-block-image size-large\"><img loading=\"lazy\" decoding=\"async\" width=\"1024\" height=\"768\" src=\"https:\/\/kadowakishouten.com\/wp-content\/uploads\/2026\/04\/20260322_033356924_iOS-1-1024x768.jpg\" alt=\"\" class=\"wp-image-1726\"\/><figcaption class=\"wp-element-caption\">\u30dc\u30eb\u30c0\u30ea\u30f3\u30b0\u3000\u203b\u5c0f\u5b66\u751f\u4f4e\u5b66\u5e74\u307e\u3067\u3092\u60f3\u5b9a\u3057\u305f\u30eb\u30fc\u30c8\u306b\u3057\u307e\u3057\u305f\u3002\u30de\u30c3\u30c8\u306f\u3053\u308c\u304b\u3089\u8a2d\u7f6e\u3057\u307e\u3059\u3002<\/figcaption><\/figure>\n\n\n\n<div style=\"height:150px\" aria-hidden=\"true\" id=\"forest\" class=\"wp-block-spacer\"><\/div>\n\n\n\n<h2 class=\"wp-block-heading\" style=\"font-size:1.5em\"><strong>\u6728\u306e\u5c55\u793a\u5834\u300c\u5de8\u6728\u306e\u68ee\u300d<\/strong><\/h2>\n\n\n\n<p style=\"font-size:1.2em\">\u6bce\u6708\u7b2c\uff13\u571f\u65e5\u306e\u307f\u306e\u55b6\u696d\u3068\u306a\u308a\u307e\u3059\u3002<br>\u305d\u306e\u4ed6\u306e\u65e5\u306f\u3001\u3054\u9023\u7d61\u3092\u3044\u305f\u3060\u3051\u308c\u3070\u5834\u5185\u3092\u3054\u6848\u5185\u3057\u307e\u3059\u3002\u3054\u6765\u5834\u3092\u304a\u5f85\u3061\u3057\u3066\u3057\u307e\u3059\uff01<br><a href=\"https:\/\/kadowakishouten.com\/?p=1441\">2025\u5e74\u5ea6\u306e\u55b6\u696d\u65e5\u30ab\u30ec\u30f3\u30c0\u30fc<\/a>\u3000\u55b6\u696d\u6642\u9593\u300010:00\uff0d16:00<\/p>\n\n\n\n<figure class=\"wp-block-video aligncenter\"><video height=\"1080\" style=\"aspect-ratio: 1920 \/ 1080;\" width=\"1920\" controls muted src=\"https:\/\/kadowakishouten.com\/wp-content\/uploads\/2024\/05\/20240418_\u5de8\u6728\u306e\u68ee_\u5168\u4f53.mov\"><\/video><\/figure>\n\n\n\n<p class=\"has-medium-font-size\"><\/p>\n\n\n\n<div style=\"height:150px\" aria-hidden=\"true\" id=\"mori\" class=\"wp-block-spacer\"><\/div>\n\n\n\n<h3 class=\"wp-block-heading\" style=\"font-size:1.5em\"><strong>\u68ee\u5de5\u623f\u306e\u90e8\u5c4b<\/strong><\/h3>\n\n\n\n<p style=\"font-size:1.2em\">\u6850\u30bf\u30f3\u30b9\u306e\u6ce8\u6587\u88fd\u4f5c\u3001\u53e4\u30bf\u30f3\u30b9\u306e\u518d\u751f\u7b49\u3092\u624b\u639b\u3051\u308b\u68ee\u5de5\u623f\u3055\u3093\u306e\u4f5c\u54c1\u3092\u5c55\u793a\u8ca9\u58f2\u3057\u3066\u3044\u307e\u3059\u3002<\/p>\n\n\n\n<figure class=\"wp-block-image size-large\"><img loading=\"lazy\" decoding=\"async\" width=\"1024\" height=\"768\" src=\"https:\/\/kadowakishouten.com\/wp-content\/uploads\/2024\/04\/20240418_074313021_iOS-1024x768.jpg\" alt=\"\" class=\"wp-image-895\"\/><\/figure>\n\n\n\n<div style=\"height:75px\" aria-hidden=\"true\" id=\"hall\" class=\"wp-block-spacer\"><\/div>\n\n\n\n<div class=\"wp-block-media-text is-stacked-on-mobile is-vertically-aligned-top\" style=\"grid-template-columns:19% auto\"><figure class=\"wp-block-media-text__media\"><img loading=\"lazy\" decoding=\"async\" width=\"768\" height=\"1024\" src=\"https:\/\/kadowakishouten.com\/wp-content\/uploads\/2024\/09\/20240504_000354986_iOS-768x1024.jpg\" alt=\"\" class=\"wp-image-1144 size-full\"\/><\/figure><div class=\"wp-block-media-text__content\">\n<h2 class=\"wp-block-heading\"><strong>\u7dcf\u6850\u6574\u7406\u30bf\u30f3\u30b9\uff08\u79cb\u7530\u6850\u3092\u4f7f\u7528\uff09<\/strong><\/h2>\n\n\n\n<p>\u5f15\u51fa\u3057\u3092\u9589\u3081\u308b\u3068\u4ed6\u306e\u5f15\u51fa\u3057\u304c\u98db\u3073\u51fa\u3057\u3066\u304d\u307e\u3059\u3002\u6850\u306f\u866b\u304c\u3064\u304d\u306b\u304f\u304f\u71c3\u3048\u306b\u304f\u3044\u6027\u8cea\u304c\u3042\u308a\u3001\u304b\u3064\u3066\u306f\u7740\u7269\u3092\u3057\u307e\u3046\u5bb6\u5177\u3067\u3057\u305f\u304c\u3001\u305d\u306e\u7528\u9014\u306f\u7740\u7269\u306b\u9650\u3089\u305a\u3001\u5927\u5207\u306a\u66f8\u7269\u3084\u8cc7\u6599\u306a\u3069\u306e\u4fdd\u7ba1\u306b\u3082\u9069\u3057\u3066\u3044\u307e\u3059\u3002<\/p>\n<\/div><\/div>\n\n\n\n<div style=\"height:25px\" aria-hidden=\"true\" class=\"wp-block-spacer\"><\/div>\n\n\n\n<div class=\"wp-block-media-text is-stacked-on-mobile is-vertically-aligned-top\" style=\"grid-template-columns:19% auto\"><figure class=\"wp-block-media-text__media\"><img loading=\"lazy\" decoding=\"async\" width=\"776\" height=\"1024\" src=\"https:\/\/kadowakishouten.com\/wp-content\/uploads\/2024\/09\/20231218_004845161_iOS-776x1024.jpg\" alt=\"\" class=\"wp-image-1146 size-full\"\/><\/figure><div class=\"wp-block-media-text__content\">\n<h2 class=\"wp-block-heading\">[SoldOut] <strong>\u9ed2\u67ff\u306e\u6574\u7406\u68da\uff08\u6850\u3068\u9ed2\u67ff\u3092\u4f7f\u7528\uff09<\/strong><\/h2>\n\n\n\n<p>\u9ed2\u67ff\u3068\u3044\u3046\u6a39\u6728\u3067\u306f\u306a\u304f\u3001\u6a39\u6728\u3068\u3057\u3066\u306f\u67ff\u306e\u6728\u3067\u3059\u304c\u3001\u67ff\u306e\u6728\u306f\u7a00\u306b\u6a39\u306e\u4e2d\u5fc3\u90e8\u306b\u58a8\u306e\u3088\u3046\u306a\u9ed2\u8272\u304c\u5165\u308b\u3053\u3068\u304c\u3042\u308a\u3001\u3053\u308c\u3092\u9ed2\u67ff\u3068\u547c\u3073\u307e\u3059\u3002\u9ed2\u67ff\u304c\u51fa\u308b\u78ba\u7387\u306f\uff11\u4e07\u672c\u306b\uff11\u672c\u3068\u3082\u8a00\u308f\u308c\u3001\u3068\u3066\u3082\u8cb4\u91cd\u306a\u7d20\u6750\u3067\u3059\u3002<\/p>\n<\/div><\/div>\n\n\n\n<div style=\"height:25px\" aria-hidden=\"true\" class=\"wp-block-spacer\"><\/div>\n\n\n\n<div class=\"wp-block-media-text is-stacked-on-mobile is-vertically-aligned-top\" style=\"grid-template-columns:49% auto\"><figure class=\"wp-block-media-text__media\"><img loading=\"lazy\" decoding=\"async\" width=\"1024\" height=\"768\" src=\"https:\/\/kadowakishouten.com\/wp-content\/uploads\/2024\/09\/20240504_000444141_iOS-1024x768.jpg\" alt=\"\" class=\"wp-image-1148 size-full\"\/><\/figure><div class=\"wp-block-media-text__content\">\n<h2 class=\"wp-block-heading\"><strong>\u548c\u306e\u5c0f\u7269\u30001,000\u5186\uff5e<\/strong><\/h2>\n\n\n\n<p>\u30b1\u30e4\u30ad\u3092\u306f\u3058\u3081\u3068\u3059\u308b\u548c\u306e\u76bf\u3084\u30c8\u30ec\u30a4\u3084\u7d44\u5b50\u306e\u30b3\u30fc\u30b9\u30bf\u30fc\u3001\u304a\u3082\u3061\u3083\u306a\u3069\u65e5\u5e38\u4f7f\u3044\u306e\u5c0f\u7269\u304c\u591a\u6570\u3054\u3056\u3044\u307e\u3059\u3002<\/p>\n\n\n\n<figure class=\"wp-block-image size-large\"><img loading=\"lazy\" decoding=\"async\" width=\"1024\" height=\"512\" src=\"https:\/\/kadowakishouten.com\/wp-content\/uploads\/2024\/12\/\u540d\u79f0\u672a\u8a2d\u5b9a-1200-x-600-px-1024x512.png\" alt=\"\" class=\"wp-image-1335\"\/><\/figure>\n<\/div><\/div>\n\n\n\n<div style=\"height:75px\" aria-hidden=\"true\" id=\"hall\" class=\"wp-block-spacer\"><\/div>\n\n\n<div class=\"wp-block-image\">\n<figure class=\"aligncenter size-full\"><a href=\"https:\/\/kadowakishouten.com\/?post_type=product\"><img loading=\"lazy\" decoding=\"async\" width=\"600\" height=\"200\" src=\"https:\/\/kadowakishouten.com\/wp-content\/uploads\/2025\/02\/\u6ce8\u6587\u306f\u3053\u3061\u3089\u304b\u3089.png\" alt=\"\" class=\"wp-image-1394\"\/><\/a><\/figure>\n<\/div>\n\n\n<div style=\"height:75px\" aria-hidden=\"true\" id=\"hall\" class=\"wp-block-spacer\"><\/div>\n\n\n\n<h3 class=\"wp-block-heading\" style=\"font-size:1.5em\">\u68ee\u306e\u30ec\u30c8\u30ed\u9928<\/h3>\n\n\n\n<figure class=\"wp-block-gallery has-nested-images columns-3 is-cropped wp-block-gallery-1 is-layout-flex wp-block-gallery-is-layout-flex\">\n<figure class=\"wp-block-image size-large\"><img loading=\"lazy\" decoding=\"async\" width=\"1024\" height=\"768\" data-id=\"1259\" src=\"https:\/\/kadowakishouten.com\/wp-content\/uploads\/2024\/12\/20240903_050107037_iOS-1024x768.jpg\" alt=\"\" class=\"wp-image-1259\"\/><\/figure>\n\n\n\n<figure class=\"wp-block-image size-large\"><img loading=\"lazy\" decoding=\"async\" width=\"649\" height=\"1024\" data-id=\"1261\" src=\"https:\/\/kadowakishouten.com\/wp-content\/uploads\/2024\/12\/20241130_054129000_iOS-649x1024.jpg\" alt=\"\" class=\"wp-image-1261\"\/><\/figure>\n\n\n\n<figure class=\"wp-block-image size-large\"><img loading=\"lazy\" decoding=\"async\" width=\"1024\" height=\"979\" data-id=\"1262\" src=\"https:\/\/kadowakishouten.com\/wp-content\/uploads\/2024\/12\/20240816_035239735_iOS-1024x979.jpg\" alt=\"\" class=\"wp-image-1262\"\/><\/figure>\n<\/figure>\n\n\n\n<h2 class=\"wp-block-heading\"><a href=\"https:\/\/kadowakishouten.com\/?page_id=1461\" data-type=\"page\" data-id=\"1461\">\u3082\u3063\u3068\u898b\u308b<\/a><\/h2>\n\n\n\n<div style=\"height:75px\" aria-hidden=\"true\" id=\"hall\" class=\"wp-block-spacer\"><\/div>\n\n\n\n<h2 class=\"wp-block-heading has-text-align-left\" style=\"font-size:1.5em\"><strong>\u85aa\uff08\u68ee\u306e\u6075\u307f\u307e\u308b\u3054\u3068\uff09<\/strong><\/h2>\n\n\n\n<div class=\"wp-block-columns is-layout-flex wp-container-core-columns-is-layout-9d6595d7 wp-block-columns-is-layout-flex\">\n<div class=\"wp-block-column is-vertically-aligned-center is-layout-flow wp-block-column-is-layout-flow\">\n<figure class=\"wp-block-image size-full is-style-default\"><a href=\"https:\/\/kadowakishouten.com\/?page_id=1381\"><img loading=\"lazy\" decoding=\"async\" width=\"1000\" height=\"250\" src=\"https:\/\/kadowakishouten.com\/wp-content\/uploads\/2025\/02\/\u85aa\u306b\u3064\u3044\u3066\u306f\u3053\u3061\u3089-1-1.png\" alt=\"\" class=\"wp-image-1406\"\/><\/a><\/figure>\n<\/div>\n\n\n\n<div class=\"wp-block-column is-layout-flow wp-block-column-is-layout-flow\">\n<figure class=\"wp-block-image size-large is-style-default\"><img loading=\"lazy\" decoding=\"async\" width=\"1024\" height=\"288\" src=\"https:\/\/kadowakishouten.com\/wp-content\/uploads\/2024\/12\/maki\u30d0\u30ca\u30fc-1024x288.png\" alt=\"\" class=\"wp-image-1256\"\/><\/figure>\n<\/div>\n<\/div>\n\n\n\n<div style=\"height:150px\" aria-hidden=\"true\" id=\"Libert\u00e0\" class=\"wp-block-spacer\"><\/div>\n\n\n\n<h2 class=\"wp-block-heading\" style=\"font-size:1.5em\">Libert\u00e0\u00d7Libert\u00e0\u3000\u203b2026\u5e743\u6708\u672b\u3092\u3082\u3063\u3066\u9589\u5e97\u3057\u307e\u3057\u305f\u3002<\/h2>\n\n\n\n<h2 class=\"wp-block-heading\"><a href=\"https:\/\/liberta.libenri.com\/\">\u5730\u5143\u79cb\u7530\u306e\u65b0\u9bae\u306a\u98df\u6750\u3092\u4f7f\u7528\u3057\u305f\u30da\u30da\u30ed\u30f3\u30c1\u30fc\u30ce\u5c02\u9580\u5e97\uff01\uff01<\/a><\/h2>\n\n\n\n<div style=\"height:150px\" aria-hidden=\"true\" id=\"pony\" class=\"wp-block-spacer\"><\/div>\n\n\n\n<h2 class=\"wp-block-heading\" style=\"font-size:1.5em\"><strong>\u30dd\u30cb\u30fc<\/strong><\/h2>\n\n\n\n<p style=\"font-size:1.2em\">\uff12\u982d\u306e\u304b\u308f\u3044\u3044\u30dd\u30cb\u30fc\u3082\u7686\u3055\u3093\u306e\u304a\u8d8a\u3057\u3092\u304a\u5f85\u3061\u3057\u3066\u304a\u308a\u307e\u3059\u3002\u5e72\u3057\u8349\u3092\u3042\u3052\u306a\u304c\u3089\u30dd\u30cb\u30fc\u3068\u306e\u89e6\u308c\u5408\u3044\u3092\u697d\u3057\u307f\u307e\u305b\u3093\u304b\u3002<\/p>\n\n\n\n<figure class=\"wp-block-video\"><video height=\"1080\" style=\"aspect-ratio: 1920 \/ 1080;\" width=\"1920\" controls muted src=\"https:\/\/kadowakishouten.com\/wp-content\/uploads\/2023\/10\/20230719_233105000_iOS.mov\"><\/video><\/figure>\n\n\n\n<div style=\"height:150px\" aria-hidden=\"true\" id=\"anex\" class=\"wp-block-spacer\"><\/div>\n\n\n\n<h2 class=\"wp-block-heading\" style=\"font-size:1.5em\"><strong>\u30b7\u30a7\u30a2\u30b9\u30da\u30fc\u30b9\u300c\u68ee\u306e\u6075\u307f\u300d<\/strong><a href=\"https:\/\/maps.app.goo.gl\/DE97RxvZKp5PVjWB8\">\u4ed9\u5317\u5e02\u7530\u6ca2\u6e56\u5352\u7530\u5b57\u67f4\u5009129-1<\/a><\/h2>\n\n\n\n<h2 class=\"wp-block-heading\" style=\"font-size:1.2em\">\u68ee\u306e\u99c5\u304b\u3089\u7530\u6ca2\u6e56\u65b9\u9762\u3078\u7d041\u5206\u3001\u90e8\u5c4b\u304b\u3089\u4e00\u6b69\u51fa\u308b\u3068\u5927\u81ea\u7136<\/h2>\n\n\n\n<figure class=\"wp-block-image size-large\"><img loading=\"lazy\" decoding=\"async\" width=\"1024\" height=\"576\" src=\"https:\/\/kadowakishouten.com\/wp-content\/uploads\/2023\/10\/\u9580\u8107\u5546\u5e97\u753b\u50cf-4-1024x576.png\" alt=\"\" class=\"wp-image-196\"\/><\/figure>\n\n\n\n<div style=\"height:50px\" aria-hidden=\"true\" class=\"wp-block-spacer\"><\/div>\n\n\n\n<p style=\"font-size:1.2em\">\u904b\u55b6\u5143\u3000(\u682a)\u30ea\u30d9\u30f3\u30ea\u79cb\u7530<br>\u55b6\u696d\u6642\u9593\u30fb\u5229\u7528\u65b9\u6cd5\u306e\u78ba\u8a8d\u3001\u4e88\u7d04\u306f\u300c<a href=\"https:\/\/the-next-facilities.won-to-x.works\/\">\u65bd\u8a2d\u3092\u63a2\u3059<\/a>\u300d\u304b\u3089\u3002<\/p>\n\n\n\n<p><\/p>\n","protected":false},"excerpt":{"rendered":"\u5e73\u621016\u5e74\u306b\u3001(\u682a)\u9580\u8107\u6728\u6750\u304c\u6c11\u9593\u306e\u300c\u9053\u306e\u99c5\u300d\u3001\u5730\u7523\u5730\u6d88\u30b3\u30fc\u30ca\u30fc\u3068\u3057\u3066\u300c\u68ee\u306e\u99c5\u300d\u3092\u30aa\u30fc\u30d7\u30f3\u3057\u3001\u4ee4\u548c5\u5e744\u6708\u306b\u3001\u5f53\u793e\u304c\u4e8b\u696d\u3092\u5f15\u304d\u7d99\u304e\u307e\u3057\u305f\u3002\u4ed9\u5317\u5e02\u306b\u306f\u3001\u9053\u306e\u99c5\u304c\u3042\u308a\u307e\u305b\u3093\u3002\u68ee\u306e\u99c5\u306f\u3001\u56fd\u905346\u53f7\u7dda\u6cbf\u3044\u306b\u3042\u308a\u3001\u68ee\u6797\u3092\u80cc\u666f\u306b\u306e\u3093\u3073\u308a\u8d70\u308b\u65b0\u5e79\u7dda\u3092\u773a\u3081\u308b\u3053\u3068\u3082\u3067\u304d\u307e\u3059\u3002\u305c\u3072\u304a\u7acb\u3061\u5bc4\u308a\u304f\u3060\u3055\u3044\u3002 THE CORNER\uff08\u65e7...","protected":false},"author":1,"featured_media":0,"parent":0,"menu_order":0,"comment_status":"closed","ping_status":"closed","template":"","meta":{"footnotes":""},"class_list":["post-95","page","type-page","status-publish","hentry"],"_links":{"self":[{"href":"https:\/\/kadowakishouten.com\/index.php?rest_route=\/wp\/v2\/pages\/95","targetHints":{"allow":["GET"]}}],"collection":[{"href":"https:\/\/kadowakishouten.com\/index.php?rest_route=\/wp\/v2\/pages"}],"about":[{"href":"https:\/\/kadowakishouten.com\/index.php?rest_route=\/wp\/v2\/types\/page"}],"author":[{"embeddable":true,"href":"https:\/\/kadowakishouten.com\/index.php?rest_route=\/wp\/v2\/users\/1"}],"replies":[{"embeddable":true,"href":"https:\/\/kadowakishouten.com\/index.php?rest_route=%2Fwp%2Fv2%2Fcomments&post=95"}],"version-history":[{"count":231,"href":"https:\/\/kadowakishouten.com\/index.php?rest_route=\/wp\/v2\/pages\/95\/revisions"}],"predecessor-version":[{"id":1746,"href":"https:\/\/kadowakishouten.com\/index.php?rest_route=\/wp\/v2\/pages\/95\/revisions\/1746"}],"wp:attachment":[{"href":"https:\/\/kadowakishouten.com\/index.php?rest_route=%2Fwp%2Fv2%2Fmedia&parent=95"}],"curies":[{"name":"wp","href":"https:\/\/api.w.org\/{rel}","templated":true}]}}